{"id":3,"date":"2020-09-02T09:32:54","date_gmt":"2020-09-02T09:32:54","guid":{"rendered":"http:\/\/eproengineering.test:8888\/?page_id=3"},"modified":"2021-02-10T08:30:40","modified_gmt":"2021-02-10T08:30:40","slug":"privacy-policy","status":"publish","type":"page","link":"https:\/\/eprotraffic.ch\/en\/privacy-policy\/","title":{"rendered":"Datenschutz"},"content":{"rendered":"\n<h1 class=\"wp-block-heading\">Datenschutz<\/h1>\n\n\n\n<h3 class=\"wp-block-heading\">Wer wir sind<\/h3>\n\n\n\n<p>Unsere Webseiten-Adresse lautet: https:\/\/eprotraffic.dev.um-server.de<\/p>\n\n\n\n<h3 class=\"wp-block-heading\">Grunds\u00e4tze<\/h3>\n\n\n\n<p>Die Grunds\u00e4tze des Datenschutz besagen, dass jede Person Anspruch auf Schutz ihrer Privatsph\u00e4re sowie auf Schutz vor Missbrauch ihrer pers\u00f6nlichen Daten hat. EPRO ENGINEERING h\u00e4lt die schweizerischen gesetzlichen Vorschriften zum Datenschutz ein und richtet sich nach den Grunds\u00e4tzen der neuen Datenschutz-Grundverordnung der Europ\u00e4ischen Union. Wir behandeln pers\u00f6nliche Daten streng vertraulich und geben oder verkaufen diese auf keinen Fall an Dritte weiter.<br>Zusammen mit unserem Hosting-Anbieter sind wir bem\u00fcht, die Datenbank bestm\u00f6glich vor fremden Zugriffen, Verlusten, Missbrauch oder vor F\u00e4lschungen zu sch\u00fctzten. Folgende Daten werden beim Aufruf unserer Website in Logfiles gespeichert: anonymisierte IP-Adresse, Datum und Uhrzeit des Zugriffs, Browser-Anfrage, allgemeine Informationen zum Betriebssystem und Browser. Diese Daten der Nutzung sind die Basis f\u00fcr statistische, anonyme Auswertungen, damit Trends erkennt werden k\u00f6nnen und wir unser Angebot entsprechend verbessern k\u00f6nnen.<\/p>\n\n\n\n<h3 class=\"wp-block-heading\">Rechte zu personenbezogene Daten<\/h3>\n\n\n\n<p>Sie k\u00f6nnen uns jederzeit kontaktieren und Auskunft dar\u00fcber verlangen, ob und welche personenbezogenen Daten wir uns \u00fcber Sie bei uns gespeichert haben. Sie k\u00f6nnen eine Kopie oder Auflistung verlangen und fehlerhafte Informationen berichtigen lassen. Sofern keine andere gesetzliche Aufbewahrungspflicht besteht, k\u00f6nnen Sie auch verlangen, dass wir Ihre personenbezogenen Daten l\u00f6schen. Wurden die entsprechenden personenbezogenen Informationen, die aufgrund von Backups und automatischer Archivierung bei uns gespeichert wurden, als gesperrt gekennzeichnet und ist eine L\u00f6schung nicht oder zumindest nicht ohne unzumutbare Anstrengung m\u00f6glich, k\u00f6nnen wir nicht verpflichtet werden die gew\u00fcnschten Daten zu l\u00f6schen. Schriftliche Auskunfts-, Bearbeitungs-, Berichtigungs- und\/oder L\u00f6schungsbegehren k\u00f6nnen nur unter Nachweis Ihrer Identit\u00e4t bearbeitet werden. Es ist m\u00f6gliche, dass Ihnen im Falle einer L\u00f6schung Ihrer Daten unsere Dienstleistungen und Produkte nicht oder nur noch teilweise gew\u00e4hrleistet werden k\u00f6nnen. R\u00fcckfragen zur Datenbearbeitung k\u00f6nnen Sie per E-Mail einreichen.<\/p>\n\n\n\n<h3 class=\"wp-block-heading\">Cookies<\/h3>\n\n\n\n<p>Cookies sind Textdateien und bestehen aus Teilchen von Codes. Beim Aufruf der Website werden diese lokal im Browser des Nutzers gespeichert. Cookies helfen dem Anbieter das Angebot der Website nutzerfreundlich und funktionaler zu gestalten. Zudem k\u00f6nnen durch Cookies auch sicherheitsrelevante Funktionen zum Schutz der Privatsph\u00e4re erm\u00f6glicht werden. Auf dieser Website werden Cookies ausschliesslich zum Zweck der bestm\u00f6glichen Gestaltung des an die Nutzerw\u00fcnsche angepassten Angebots sowie einer komfortablen Seitennutzung. In Ihrem Browser k\u00f6nnen Sie Cookies in den Einstellungen jederzeit ganz oder teilweise deaktivieren. Bei Deaktivierung stehen Ihnen allenfalls nicht mehr alle Funktionen dieser Website zur Verf\u00fcgung.<\/p>\n","protected":false},"excerpt":{"rendered":"<p>Datenschutz Wer wir sind Unsere Webseiten-Adresse lautet: https:\/\/eprotraffic.dev.um-server.de Grunds\u00e4tze Die Grunds\u00e4tze des Datenschutz besagen, dass jede Person Anspruch auf Schutz ihrer Privatsph\u00e4re sowie auf Schutz vor Missbrauch ihrer pers\u00f6nlichen Daten hat. EPRO ENGINEERING h\u00e4lt die schweizerischen gesetzlichen Vorschriften zum Datenschutz ein und richtet sich nach den Grunds\u00e4tzen der neuen Datenschutz-Grundverordnung der Europ\u00e4ischen Union. Wir behandeln [&hellip;]<\/p>\n","protected":false},"author":2,"featured_media":0,"parent":0,"menu_order":0,"comment_status":"closed","ping_status":"closed","template":"","meta":{"_acf_changed":false,"inline_featured_image":false,"footnotes":""},"class_list":["post-3","page","type-page","status-publish","hentry"],"acf":[],"yoast_head":"<!-- This site is optimized with the Yoast SEO plugin v26.3 - https:\/\/yoast.com\/wordpress\/plugins\/seo\/ -->\n<title>Datenschutz - EPRO TRAFFIC<\/title>\n<meta name=\"robots\" content=\"index, follow, max-snippet:-1, max-image-preview:large, max-video-preview:-1\" \/>\n<link rel=\"canonical\" href=\"https:\/\/eprotraffic.ch\/en\/privacy-policy\/\" \/>\n<meta property=\"og:locale\" content=\"en_US\" \/>\n<meta property=\"og:type\" content=\"article\" \/>\n<meta property=\"og:title\" content=\"Datenschutz - EPRO TRAFFIC\" \/>\n<meta property=\"og:description\" content=\"Datenschutz Wer wir sind Unsere Webseiten-Adresse lautet: https:\/\/eprotraffic.dev.um-server.de Grunds\u00e4tze Die Grunds\u00e4tze des Datenschutz besagen, dass jede Person Anspruch auf Schutz ihrer Privatsph\u00e4re sowie auf Schutz vor Missbrauch ihrer pers\u00f6nlichen Daten hat. EPRO ENGINEERING h\u00e4lt die schweizerischen gesetzlichen Vorschriften zum Datenschutz ein und richtet sich nach den Grunds\u00e4tzen der neuen Datenschutz-Grundverordnung der Europ\u00e4ischen Union. Wir behandeln [&hellip;]\" \/>\n<meta property=\"og:url\" content=\"https:\/\/eprotraffic.ch\/en\/privacy-policy\/\" \/>\n<meta property=\"og:site_name\" content=\"EPRO TRAFFIC\" \/>\n<meta property=\"article:modified_time\" content=\"2021-02-10T08:30:40+00:00\" \/>\n<meta name=\"twitter:card\" content=\"summary_large_image\" \/>\n<meta name=\"twitter:label1\" content=\"Est. reading time\" \/>\n\t<meta name=\"twitter:data1\" content=\"2 minutes\" \/>\n<script type=\"application\/ld+json\" class=\"yoast-schema-graph\">{\"@context\":\"https:\/\/schema.org\",\"@graph\":[{\"@type\":\"WebPage\",\"@id\":\"https:\/\/eprotraffic.ch\/en\/privacy-policy\/\",\"url\":\"https:\/\/eprotraffic.ch\/en\/privacy-policy\/\",\"name\":\"Datenschutz - EPRO TRAFFIC\",\"isPartOf\":{\"@id\":\"https:\/\/eprotraffic.ch\/en\/#website\"},\"datePublished\":\"2020-09-02T09:32:54+00:00\",\"dateModified\":\"2021-02-10T08:30:40+00:00\",\"breadcrumb\":{\"@id\":\"https:\/\/eprotraffic.ch\/en\/privacy-policy\/#breadcrumb\"},\"inLanguage\":\"en-US\",\"potentialAction\":[{\"@type\":\"ReadAction\",\"target\":[\"https:\/\/eprotraffic.ch\/en\/privacy-policy\/\"]}]},{\"@type\":\"BreadcrumbList\",\"@id\":\"https:\/\/eprotraffic.ch\/en\/privacy-policy\/#breadcrumb\",\"itemListElement\":[{\"@type\":\"ListItem\",\"position\":1,\"name\":\"Home\",\"item\":\"https:\/\/eprotraffic.ch\/en\/\"},{\"@type\":\"ListItem\",\"position\":2,\"name\":\"Datenschutz\"}]},{\"@type\":\"WebSite\",\"@id\":\"https:\/\/eprotraffic.ch\/en\/#website\",\"url\":\"https:\/\/eprotraffic.ch\/en\/\",\"name\":\"EPRO TRAFFIC\",\"description\":\"Wegweisende L\u00f6sungen f\u00fcr die Verkehrsinfrastruktur\",\"publisher\":{\"@id\":\"https:\/\/eprotraffic.ch\/en\/#organization\"},\"potentialAction\":[{\"@type\":\"SearchAction\",\"target\":{\"@type\":\"EntryPoint\",\"urlTemplate\":\"https:\/\/eprotraffic.ch\/en\/?s={search_term_string}\"},\"query-input\":{\"@type\":\"PropertyValueSpecification\",\"valueRequired\":true,\"valueName\":\"search_term_string\"}}],\"inLanguage\":\"en-US\"},{\"@type\":\"Organization\",\"@id\":\"https:\/\/eprotraffic.ch\/en\/#organization\",\"name\":\"EPRO TRAFFIC\",\"url\":\"https:\/\/eprotraffic.ch\/en\/\",\"logo\":{\"@type\":\"ImageObject\",\"inLanguage\":\"en-US\",\"@id\":\"https:\/\/eprotraffic.ch\/en\/#\/schema\/logo\/image\/\",\"url\":\"https:\/\/eprotraffic.ch\/en\/wp-content\/uploads\/sites\/2\/2021\/05\/Logo_EPROtraffic_RGB-1.svg\",\"contentUrl\":\"https:\/\/eprotraffic.ch\/en\/wp-content\/uploads\/sites\/2\/2021\/05\/Logo_EPROtraffic_RGB-1.svg\",\"width\":100,\"height\":100,\"caption\":\"EPRO TRAFFIC\"},\"image\":{\"@id\":\"https:\/\/eprotraffic.ch\/en\/#\/schema\/logo\/image\/\"}}]}<\/script>\n<!-- \/ Yoast SEO plugin. -->","yoast_head_json":{"title":"Datenschutz - EPRO TRAFFIC","robots":{"index":"index","follow":"follow","max-snippet":"max-snippet:-1","max-image-preview":"max-image-preview:large","max-video-preview":"max-video-preview:-1"},"canonical":"https:\/\/eprotraffic.ch\/en\/privacy-policy\/","og_locale":"en_US","og_type":"article","og_title":"Datenschutz - EPRO TRAFFIC","og_description":"Datenschutz Wer wir sind Unsere Webseiten-Adresse lautet: https:\/\/eprotraffic.dev.um-server.de Grunds\u00e4tze Die Grunds\u00e4tze des Datenschutz besagen, dass jede Person Anspruch auf Schutz ihrer Privatsph\u00e4re sowie auf Schutz vor Missbrauch ihrer pers\u00f6nlichen Daten hat. EPRO ENGINEERING h\u00e4lt die schweizerischen gesetzlichen Vorschriften zum Datenschutz ein und richtet sich nach den Grunds\u00e4tzen der neuen Datenschutz-Grundverordnung der Europ\u00e4ischen Union. Wir behandeln [&hellip;]","og_url":"https:\/\/eprotraffic.ch\/en\/privacy-policy\/","og_site_name":"EPRO TRAFFIC","article_modified_time":"2021-02-10T08:30:40+00:00","twitter_card":"summary_large_image","twitter_misc":{"Est. reading time":"2 minutes"},"schema":{"@context":"https:\/\/schema.org","@graph":[{"@type":"WebPage","@id":"https:\/\/eprotraffic.ch\/en\/privacy-policy\/","url":"https:\/\/eprotraffic.ch\/en\/privacy-policy\/","name":"Datenschutz - EPRO TRAFFIC","isPartOf":{"@id":"https:\/\/eprotraffic.ch\/en\/#website"},"datePublished":"2020-09-02T09:32:54+00:00","dateModified":"2021-02-10T08:30:40+00:00","breadcrumb":{"@id":"https:\/\/eprotraffic.ch\/en\/privacy-policy\/#breadcrumb"},"inLanguage":"en-US","potentialAction":[{"@type":"ReadAction","target":["https:\/\/eprotraffic.ch\/en\/privacy-policy\/"]}]},{"@type":"BreadcrumbList","@id":"https:\/\/eprotraffic.ch\/en\/privacy-policy\/#breadcrumb","itemListElement":[{"@type":"ListItem","position":1,"name":"Home","item":"https:\/\/eprotraffic.ch\/en\/"},{"@type":"ListItem","position":2,"name":"Datenschutz"}]},{"@type":"WebSite","@id":"https:\/\/eprotraffic.ch\/en\/#website","url":"https:\/\/eprotraffic.ch\/en\/","name":"EPRO TRAFFIC","description":"Wegweisende L\u00f6sungen f\u00fcr die Verkehrsinfrastruktur","publisher":{"@id":"https:\/\/eprotraffic.ch\/en\/#organization"},"potentialAction":[{"@type":"SearchAction","target":{"@type":"EntryPoint","urlTemplate":"https:\/\/eprotraffic.ch\/en\/?s={search_term_string}"},"query-input":{"@type":"PropertyValueSpecification","valueRequired":true,"valueName":"search_term_string"}}],"inLanguage":"en-US"},{"@type":"Organization","@id":"https:\/\/eprotraffic.ch\/en\/#organization","name":"EPRO TRAFFIC","url":"https:\/\/eprotraffic.ch\/en\/","logo":{"@type":"ImageObject","inLanguage":"en-US","@id":"https:\/\/eprotraffic.ch\/en\/#\/schema\/logo\/image\/","url":"https:\/\/eprotraffic.ch\/en\/wp-content\/uploads\/sites\/2\/2021\/05\/Logo_EPROtraffic_RGB-1.svg","contentUrl":"https:\/\/eprotraffic.ch\/en\/wp-content\/uploads\/sites\/2\/2021\/05\/Logo_EPROtraffic_RGB-1.svg","width":100,"height":100,"caption":"EPRO TRAFFIC"},"image":{"@id":"https:\/\/eprotraffic.ch\/en\/#\/schema\/logo\/image\/"}}]}},"_links":{"self":[{"href":"https:\/\/eprotraffic.ch\/en\/wp-json\/wp\/v2\/pages\/3","targetHints":{"allow":["GET"]}}],"collection":[{"href":"https:\/\/eprotraffic.ch\/en\/wp-json\/wp\/v2\/pages"}],"about":[{"href":"https:\/\/eprotraffic.ch\/en\/wp-json\/wp\/v2\/types\/page"}],"author":[{"embeddable":true,"href":"https:\/\/eprotraffic.ch\/en\/wp-json\/wp\/v2\/users\/2"}],"replies":[{"embeddable":true,"href":"https:\/\/eprotraffic.ch\/en\/wp-json\/wp\/v2\/comments?post=3"}],"version-history":[{"count":7,"href":"https:\/\/eprotraffic.ch\/en\/wp-json\/wp\/v2\/pages\/3\/revisions"}],"predecessor-version":[{"id":893,"href":"https:\/\/eprotraffic.ch\/en\/wp-json\/wp\/v2\/pages\/3\/revisions\/893"}],"wp:attachment":[{"href":"https:\/\/eprotraffic.ch\/en\/wp-json\/wp\/v2\/media?parent=3"}],"curies":[{"name":"wp","href":"https:\/\/api.w.org\/{rel}","templated":true}]}}